{"id":457,"date":"2022-03-14T11:40:50","date_gmt":"2022-03-14T10:40:50","guid":{"rendered":"https:\/\/www.stuhlhofer.at\/media\/?page_id=457"},"modified":"2022-04-25T17:33:56","modified_gmt":"2022-04-25T15:33:56","slug":"sport","status":"publish","type":"page","link":"https:\/\/www.stuhlhofer.at\/media\/sport\/","title":{"rendered":"Sport"},"content":{"rendered":"<p>[et_pb_section fb_built=&#8220;1&#8243; fullwidth=&#8220;on&#8220; admin_label=&#8220;Hero Section&#8220; _builder_version=&#8220;4.16&#8243; background_image=&#8220;https:\/\/www.stuhlhofer.at\/media\/wp-content\/uploads\/sites\/11\/2022\/03\/man-gdf61512f5_1920.jpg&#8220; parallax=&#8220;on&#8220; custom_padding=&#8220;|||&#8220; global_colors_info=&#8220;{}&#8220;][et_pb_fullwidth_header title=&#8220;\u00dcber&#8220; subhead=&#8220;den&#8220; content_max_width=&#8220;900px&#8220; _builder_version=&#8220;4.16&#8243; title_font=&#8220;Poppins|600||on|||||&#8220; title_font_size=&#8220;18px&#8220; title_letter_spacing=&#8220;4px&#8220; title_line_height=&#8220;1.8em&#8220; content_font=&#8220;||||||||&#8220; subhead_font=&#8220;Raleway|700|||||||&#8220; subhead_font_size=&#8220;50px&#8220; subhead_line_height=&#8220;1.4em&#8220; background_color=&#8220;rgba(126,190,197,0)&#8220; use_background_color_gradient=&#8220;on&#8220; background_color_gradient_direction=&#8220;90deg&#8220; background_color_gradient_stops=&#8220;rgba(0,13,255,0.7) 25%|rgba(0,130,244,0.67) 75%&#8220; background_color_gradient_overlays_image=&#8220;on&#8220; background_color_gradient_start=&#8220;rgba(0,13,255,0.7)&#8220; background_color_gradient_start_position=&#8220;25%&#8220; background_color_gradient_end=&#8220;rgba(0,130,244,0.67)&#8220; background_color_gradient_end_position=&#8220;75%&#8220; custom_button_one=&#8220;on&#8220; button_one_text_size=&#8220;14px&#8220; button_one_bg_color=&#8220;#29cb8b&#8220; button_one_border_width=&#8220;12px&#8220; button_one_border_color=&#8220;#29cb8b&#8220; button_one_letter_spacing=&#8220;2px&#8220; button_one_font=&#8220;Poppins|600||on|||||&#8220; button_one_icon=&#8220;&#x24;||divi||400&#8243; custom_button_two=&#8220;on&#8220; button_two_text_size=&#8220;14px&#8220; button_two_text_color=&#8220;#29cb8b&#8220; button_two_bg_color=&#8220;#ffffff&#8220; button_two_border_width=&#8220;12px&#8220; button_two_border_color=&#8220;#ffffff&#8220; button_two_letter_spacing=&#8220;2px&#8220; button_two_font=&#8220;Poppins|600||on|||||&#8220; button_two_icon=&#8220;&#x24;||divi||400&#8243; custom_padding=&#8220;80px||18vw|&#8220; content_font_size_last_edited=&#8220;off|desktop&#8220; subhead_font_size_tablet=&#8220;40px&#8220; subhead_font_size_phone=&#8220;30px&#8220; subhead_font_size_last_edited=&#8220;on|desktop&#8220; button_one_letter_spacing_hover=&#8220;2px&#8220; button_two_letter_spacing_hover=&#8220;2px&#8220; global_colors_info=&#8220;{}&#8220; button_one_text_size__hover_enabled=&#8220;off&#8220; button_two_text_size__hover_enabled=&#8220;off&#8220; button_one_text_color__hover_enabled=&#8220;off&#8220; button_two_text_color__hover_enabled=&#8220;off&#8220; button_one_border_width__hover_enabled=&#8220;off&#8220; button_two_border_width__hover_enabled=&#8220;off&#8220; button_one_border_color__hover_enabled=&#8220;off&#8220; button_two_border_color__hover_enabled=&#8220;off&#8220; button_one_border_radius__hover_enabled=&#8220;off&#8220; button_two_border_radius__hover_enabled=&#8220;off&#8220; button_one_letter_spacing__hover_enabled=&#8220;on&#8220; button_one_letter_spacing__hover=&#8220;2px&#8220; button_two_letter_spacing__hover_enabled=&#8220;on&#8220; button_two_letter_spacing__hover=&#8220;2px&#8220; button_one_bg_color__hover_enabled=&#8220;off&#8220; button_two_bg_color__hover_enabled=&#8220;off&#8220;][\/et_pb_fullwidth_header][\/et_pb_section][et_pb_section fb_built=&#8220;1&#8243; _builder_version=&#8220;4.16&#8243; custom_margin=&#8220;||50px||false&#8220; custom_margin_tablet=&#8220;&#8220; custom_margin_phone=&#8220;||0px|&#8220; custom_margin_last_edited=&#8220;on|phone&#8220; custom_padding=&#8220;0px||0||false|false&#8220; global_colors_info=&#8220;{}&#8220;][et_pb_row _builder_version=&#8220;4.16&#8243; width=&#8220;100%&#8220; max_width=&#8220;100%&#8220; custom_margin=&#8220;|||&#8220; custom_padding=&#8220;27px|0px|27px|0px|false|false&#8220; use_custom_width=&#8220;on&#8220; width_unit=&#8220;off&#8220; custom_width_percent=&#8220;100%&#8220; global_colors_info=&#8220;{}&#8220;][et_pb_column type=&#8220;4_4&#8243; _builder_version=&#8220;4.16&#8243; custom_padding=&#8220;0px|||&#8220; global_colors_info=&#8220;{}&#8220; custom_padding__hover=&#8220;|||&#8220;][et_pb_text _builder_version=&#8220;4.16&#8243; text_font=&#8220;Raleway|800|||||||&#8220; text_font_size=&#8220;22vw&#8220; text_line_height=&#8220;0.8em&#8220; header_font=&#8220;||||||||&#8220; background_layout=&#8220;dark&#8220; custom_margin=&#8220;-17vw|||-2%|false|false&#8220; custom_margin_tablet=&#8220;-19vw|||&#8220; custom_margin_phone=&#8220;&#8220; custom_margin_last_edited=&#8220;on|tablet&#8220; animation_style=&#8220;slide&#8220; animation_direction=&#8220;bottom&#8220; animation_intensity_slide=&#8220;5%&#8220; animation_starting_opacity=&#8220;100%&#8220; text_font_size_tablet=&#8220;&#8220; text_font_size_phone=&#8220;&#8220; text_font_size_last_edited=&#8220;on|phone&#8220; global_colors_info=&#8220;{}&#8220;]<\/p>\n<p>SP<span style=\"color: #ffffff;\">ORT<\/span><\/p>\n<p>[\/et_pb_text][\/et_pb_column][\/et_pb_row][\/et_pb_section][et_pb_section fb_built=&#8220;1&#8243; specialty=&#8220;on&#8220; _builder_version=&#8220;4.16&#8243; _module_preset=&#8220;default&#8220; background_color=&#8220;#EDF000&#8243; global_colors_info=&#8220;{}&#8220;][et_pb_column type=&#8220;1_2&#8243; specialty_columns=&#8220;2&#8243; _builder_version=&#8220;4.16&#8243; custom_padding=&#8220;|||&#8220; global_colors_info=&#8220;{}&#8220; custom_padding__hover=&#8220;|||&#8220;][\/et_pb_column][et_pb_column type=&#8220;1_2&#8243; _builder_version=&#8220;4.16&#8243; custom_padding=&#8220;|||&#8220; global_colors_info=&#8220;{}&#8220; custom_padding__hover=&#8220;|||&#8220;][et_pb_accordion _builder_version=&#8220;4.17.1&#8243; _module_preset=&#8220;default&#8220; background_color=&#8220;#E02B20&#8243; hover_enabled=&#8220;0&#8243; global_colors_info=&#8220;{}&#8220; sticky_enabled=&#8220;0&#8243;][et_pb_accordion_item title=&#8220;Sportliche Aktivit\u00e4ten&#8220; open=&#8220;on&#8220; _builder_version=&#8220;4.17.1&#8243; _module_preset=&#8220;default&#8220; hover_enabled=&#8220;0&#8243; global_colors_info=&#8220;{}&#8220; sticky_enabled=&#8220;0&#8243;]<\/p>\n<p>Verschiedene Inhalte zum Sportbereich Verschiedene Inhalte zum Sportbereich Verschiedene Inhalte zum Sportbereich Verschiedene Inhalte zum Sportbereich Verschiedene Inhalte zum Sportbereich Verschiedene Inhalte zum Sportbereich Verschiedene Inhalte zum Sportbereich Verschiedene Inhalte zum Sportbereich Verschiedene Inhalte zum Sportbereich Verschiedene Inhalte zum Sportbereich Verschiedene Inhalte zum Sportbereich Verschiedene Inhalte zum Sportbereich Verschiedene Inhalte zum Sportbereich Verschiedene Inhalte zum Sportbereich Verschiedene Inhalte zum Sportbereich Verschiedene Inhalte zum Sportbereich Verschiedene Inhalte zum Sportbereich Verschiedene Inhalte zum Sportbereich Verschiedene Inhalte zum Sportbereich Verschiedene Inhalte zum Sportbereich\u00a0<\/p>\n<p>[\/et_pb_accordion_item][et_pb_accordion_item title=&#8220;Gesundheit und Ern\u00e4hrung&#8220; _builder_version=&#8220;4.17.1&#8243; _module_preset=&#8220;default&#8220; use_background_color_gradient=&#8220;on&#8220; background_color_gradient_direction=&#8220;168deg&#8220; background_color_gradient_stops=&#8220;#ffffff 47%|#000000 100%&#8220; background_color_gradient_start=&#8220;#ffffff&#8220; background_color_gradient_start_position=&#8220;47%&#8220; background_color_gradient_end=&#8220;#000000&#8243; hover_enabled=&#8220;0&#8243; global_colors_info=&#8220;{}&#8220; open=&#8220;off&#8220; sticky_enabled=&#8220;0&#8243;]<\/p>\n<p>Artikel zum Thema Ern\u00e4hrung Artikel zum Thema Ern\u00e4hrung Artikel zum Thema Ern\u00e4hrung Artikel zum Thema Ern\u00e4hrung Artikel zum Thema Ern\u00e4hrung Artikel zum Thema Ern\u00e4hrung Artikel zum Thema Ern\u00e4hrung Artikel zum Thema Ern\u00e4hrung Artikel zum Thema Ern\u00e4hrung Artikel zum Thema Ern\u00e4hrung Artikel zum Thema Ern\u00e4hrung Artikel zum Thema Ern\u00e4hrung Artikel zum Thema Ern\u00e4hrung Artikel zum Thema Ern\u00e4hrung Artikel zum Thema Ern\u00e4hrung\u00a0<\/p>\n<p>[\/et_pb_accordion_item][\/et_pb_accordion][\/et_pb_column][\/et_pb_section][et_pb_section fb_built=&#8220;1&#8243; admin_label=&#8220;Footer&#8220; _builder_version=&#8220;4.16&#8243; background_image=&#8220;http:\/\/www.stuhlhofer.at\/meli\/wp-content\/uploads\/sites\/11\/2022\/03\/jess-watters-483666-unsplash.jpg&#8220; parallax=&#8220;on&#8220; custom_margin=&#8220;|||&#8220; custom_padding=&#8220;|||&#8220; global_colors_info=&#8220;{}&#8220;][et_pb_row column_structure=&#8220;1_4,1_4,1_2&#8243; use_custom_gutter=&#8220;on&#8220; gutter_width=&#8220;2&#8243; make_equal=&#8220;on&#8220; _builder_version=&#8220;4.16&#8243; custom_padding=&#8220;|||&#8220; animation_style=&#8220;fade&#8220; border_radii=&#8220;on|10px|10px|10px|10px&#8220; global_colors_info=&#8220;{}&#8220;][et_pb_column type=&#8220;1_4&#8243; _builder_version=&#8220;4.16&#8243; custom_padding=&#8220;|||&#8220; global_colors_info=&#8220;{}&#8220; custom_padding__hover=&#8220;|||&#8220;][et_pb_number_counter title=&#8220;Einzelseiten&#8220; number=&#8220;ca. 450&#8243; percent_sign=&#8220;off&#8220; _builder_version=&#8220;4.16&#8243; title_font=&#8220;Rubik|700||on|||||&#8220; title_text_color=&#8220;#ffffff&#8220; title_font_size=&#8220;14px&#8220; title_letter_spacing=&#8220;5px&#8220; title_line_height=&#8220;1.5em&#8220; number_font=&#8220;Cabin Sketch|500|||||||&#8220; number_text_color=&#8220;#ffffff&#8220; number_font_size=&#8220;46px&#8220; number_line_height=&#8220;100px&#8220; background_color=&#8220;#2b76df&#8220; text_orientation=&#8220;left&#8220; background_layout=&#8220;dark&#8220; custom_padding=&#8220;50px|25px|15px|25px|false|true&#8220; border_radii=&#8220;on|10px|10px|10px|10px&#8220; global_colors_info=&#8220;{}&#8220;][\/et_pb_number_counter][et_pb_number_counter title=&#8220;gerade in Arbeit&#8220; number=&#8220;4&#8243; percent_sign=&#8220;off&#8220; _builder_version=&#8220;4.16&#8243; title_font=&#8220;Rubik|700||on|||||&#8220; title_text_color=&#8220;#ffffff&#8220; title_font_size=&#8220;14px&#8220; title_letter_spacing=&#8220;5px&#8220; title_line_height=&#8220;1.5em&#8220; number_font=&#8220;Cabin Sketch|500|||||||&#8220; number_text_color=&#8220;#ffffff&#8220; number_font_size=&#8220;46px&#8220; number_line_height=&#8220;100px&#8220; background_color=&#8220;#ff9c02&#8243; text_orientation=&#8220;left&#8220; background_layout=&#8220;dark&#8220; custom_margin=&#8220;30px|||&#8220; custom_margin_last_edited=&#8220;off|desktop&#8220; custom_padding=&#8220;50px|25px|15px|25px|false|true&#8220; border_radii=&#8220;on|10px|10px|10px|10px&#8220; global_colors_info=&#8220;{}&#8220;][\/et_pb_number_counter][\/et_pb_column][et_pb_column type=&#8220;1_4&#8243; _builder_version=&#8220;4.16&#8243; custom_padding=&#8220;|||&#8220; global_colors_info=&#8220;{}&#8220; custom_padding__hover=&#8220;|||&#8220;][et_pb_number_counter title=&#8220;Homepages&#8220; number=&#8220;ca. 30&#8243; percent_sign=&#8220;off&#8220; _builder_version=&#8220;4.16&#8243; title_font=&#8220;Rubik|700||on|||||&#8220; title_text_color=&#8220;#ffffff&#8220; title_font_size=&#8220;14px&#8220; title_letter_spacing=&#8220;5px&#8220; title_line_height=&#8220;1.5em&#8220; number_font=&#8220;Cabin Sketch|500|||||||&#8220; number_text_color=&#8220;#ffffff&#8220; number_font_size=&#8220;46px&#8220; number_line_height=&#8220;100px&#8220; background_color=&#8220;#ff7355&#8243; text_orientation=&#8220;left&#8220; background_layout=&#8220;dark&#8220; custom_padding=&#8220;50px|25px|15px|25px|false|true&#8220; border_radii=&#8220;on|10px|10px|10px|10px&#8220; global_colors_info=&#8220;{}&#8220;][\/et_pb_number_counter][et_pb_number_counter title=&#8220;Erfahrung seit &#8220; number=&#8220;2001&#8243; percent_sign=&#8220;off&#8220; _builder_version=&#8220;4.16&#8243; title_font=&#8220;Rubik|700||on|||||&#8220; title_text_color=&#8220;#ffffff&#8220; title_font_size=&#8220;14px&#8220; title_letter_spacing=&#8220;5px&#8220; title_line_height=&#8220;1.5em&#8220; number_font=&#8220;Cabin Sketch|500|||||||&#8220; number_text_color=&#8220;#ffffff&#8220; number_font_size=&#8220;46px&#8220; number_line_height=&#8220;100px&#8220; background_color=&#8220;#74bc19&#8243; text_orientation=&#8220;left&#8220; background_layout=&#8220;dark&#8220; custom_margin=&#8220;30px|||&#8220; custom_padding=&#8220;50px|25px|15px|25px|false|true&#8220; border_radii=&#8220;on|10px|10px|10px|10px&#8220; global_colors_info=&#8220;{}&#8220;][\/et_pb_number_counter][\/et_pb_column][et_pb_column type=&#8220;1_2&#8243; _builder_version=&#8220;4.16&#8243; custom_padding=&#8220;|||&#8220; global_colors_info=&#8220;{}&#8220; custom_padding__hover=&#8220;|||&#8220;][et_pb_cta title=&#8220;Kontaktanfragen &#8220; button_url=&#8220;#top&#8220; button_text=&#8220;Absenden&#8220; _builder_version=&#8220;4.16&#8243; header_font=&#8220;Rubik|700|||||||&#8220; header_font_size=&#8220;40px&#8220; header_line_height=&#8220;1.4em&#8220; body_font=&#8220;Rubik||||||||&#8220; body_line_height=&#8220;2em&#8220; background_color=&#8220;#ffffff&#8220; custom_button=&#8220;on&#8220; button_text_size=&#8220;16px&#8220; button_text_color=&#8220;#ffffff&#8220; button_bg_color=&#8220;#7f5aff&#8220; button_border_width=&#8220;10px&#8220; button_border_color=&#8220;rgba(65,65,144,0)&#8220; button_border_radius=&#8220;70px&#8220; button_font=&#8220;Rubik|700|||||||&#8220; button_use_icon=&#8220;off&#8220; text_orientation=&#8220;left&#8220; background_layout=&#8220;light&#8220; max_width_last_edited=&#8220;off|desktop&#8220; module_alignment=&#8220;right&#8220; custom_margin=&#8220;|||&#8220; custom_padding=&#8220;64px|60px|64px|60px|true&#8220; header_font_size_tablet=&#8220;&#8220; header_font_size_phone=&#8220;30px&#8220; header_font_size_last_edited=&#8220;on|phone&#8220; body_line_height_last_edited=&#8220;off|desktop&#8220; border_radii=&#8220;on|10px|10px|10px|10px&#8220; button_text_color_hover=&#8220;#ffffff&#8220; button_border_radius_hover=&#8220;70px&#8220; button_bg_color_hover=&#8220;#9577ff&#8220; global_colors_info=&#8220;{}&#8220; button_text_size__hover_enabled=&#8220;off&#8220; button_one_text_size__hover_enabled=&#8220;off&#8220; button_two_text_size__hover_enabled=&#8220;off&#8220; button_text_color__hover_enabled=&#8220;on&#8220; button_text_color__hover=&#8220;#ffffff&#8220; button_one_text_color__hover_enabled=&#8220;off&#8220; button_two_text_color__hover_enabled=&#8220;off&#8220; button_border_width__hover_enabled=&#8220;off&#8220; button_one_border_width__hover_enabled=&#8220;off&#8220; button_two_border_width__hover_enabled=&#8220;off&#8220; button_border_color__hover_enabled=&#8220;off&#8220; button_one_border_color__hover_enabled=&#8220;off&#8220; button_two_border_color__hover_enabled=&#8220;off&#8220; button_border_radius__hover_enabled=&#8220;on&#8220; button_border_radius__hover=&#8220;70px&#8220; button_one_border_radius__hover_enabled=&#8220;off&#8220; button_two_border_radius__hover_enabled=&#8220;off&#8220; button_letter_spacing__hover_enabled=&#8220;off&#8220; button_one_letter_spacing__hover_enabled=&#8220;off&#8220; button_two_letter_spacing__hover_enabled=&#8220;off&#8220; button_bg_color__hover_enabled=&#8220;on&#8220; button_bg_color__hover=&#8220;#9577ff&#8220; button_one_bg_color__hover_enabled=&#8220;off&#8220; button_two_bg_color__hover_enabled=&#8220;off&#8220;]<\/p>\n<p><strong>Adresse:<\/strong> 8184 Anger, Oberfeistritz 4<\/p>\n<p><strong>Telephone:<\/strong> (+43) 0664 234 234 3<\/p>\n<p><strong>Email:<\/strong>\u00a0<a href=\"mailto:edmund@stuhlhofer.at\" style=\"font-size: 14px;\" target=\"_blank\" rel=\"noopener\">edmund@stuhlhofer.at<\/a><\/p>\n<p>&nbsp;<\/p>\n<p>[\/et_pb_cta][\/et_pb_column][\/et_pb_row][et_pb_row _builder_version=&#8220;4.16&#8243; global_colors_info=&#8220;{}&#8220;][et_pb_column type=&#8220;4_4&#8243; _builder_version=&#8220;4.16&#8243; custom_padding=&#8220;|||&#8220; global_colors_info=&#8220;{}&#8220; custom_padding__hover=&#8220;|||&#8220;][et_pb_text _builder_version=&#8220;4.16&#8243; text_font=&#8220;Rubik||||||||&#8220; text_line_height=&#8220;2em&#8220; header_font=&#8220;||||||||&#8220; header_2_font=&#8220;Rubik|700||on|||||&#8220; header_2_font_size=&#8220;12px&#8220; header_2_letter_spacing=&#8220;3px&#8220; header_2_line_height=&#8220;1.5em&#8220; header_5_font=&#8220;Rubik|700||on|||||&#8220; header_5_font_size=&#8220;12px&#8220; header_5_letter_spacing=&#8220;3px&#8220; header_5_line_height=&#8220;1.5em&#8220; max_width=&#8220;700px&#8220; module_alignment=&#8220;center&#8220; custom_margin=&#8220;50px||||false&#8220; custom_margin_tablet=&#8220;0px|||&#8220; custom_margin_last_edited=&#8220;off|desktop&#8220; text_line_height_last_edited=&#8220;off|desktop&#8220; global_colors_info=&#8220;{}&#8220;][\/et_pb_text][\/et_pb_column][\/et_pb_row][\/et_pb_section]<\/p>\n","protected":false},"excerpt":{"rendered":"<p>SPORTVerschiedene Inhalte zum Sportbereich Verschiedene Inhalte zum Sportbereich Verschiedene Inhalte zum Sportbereich Verschiedene Inhalte zum Sportbereich Verschiedene Inhalte zum Sportbereich Verschiedene Inhalte zum Sportbereich Verschiedene Inhalte zum Sportbereich Verschiedene Inhalte zum Sportbereich Verschiedene Inhalte zum Sportbereich Verschiedene Inhalte zum Sportbereich Verschiedene Inhalte zum Sportbereich Verschiedene Inhalte zum Sportbereich Verschiedene Inhalte zum Sportbereich Verschiedene Inhalte zum [&hellip;]<\/p>\n","protected":false},"author":3,"featured_media":0,"parent":0,"menu_order":0,"comment_status":"closed","ping_status":"closed","template":"","meta":{"_et_pb_use_builder":"on","_et_pb_old_content":"","_et_gb_content_width":""},"_links":{"self":[{"href":"https:\/\/www.stuhlhofer.at\/media\/wp-json\/wp\/v2\/pages\/457"}],"collection":[{"href":"https:\/\/www.stuhlhofer.at\/media\/wp-json\/wp\/v2\/pages"}],"about":[{"href":"https:\/\/www.stuhlhofer.at\/media\/wp-json\/wp\/v2\/types\/page"}],"author":[{"embeddable":true,"href":"https:\/\/www.stuhlhofer.at\/media\/wp-json\/wp\/v2\/users\/3"}],"replies":[{"embeddable":true,"href":"https:\/\/www.stuhlhofer.at\/media\/wp-json\/wp\/v2\/comments?post=457"}],"version-history":[{"count":9,"href":"https:\/\/www.stuhlhofer.at\/media\/wp-json\/wp\/v2\/pages\/457\/revisions"}],"predecessor-version":[{"id":1106,"href":"https:\/\/www.stuhlhofer.at\/media\/wp-json\/wp\/v2\/pages\/457\/revisions\/1106"}],"wp:attachment":[{"href":"https:\/\/www.stuhlhofer.at\/media\/wp-json\/wp\/v2\/media?parent=457"}],"curies":[{"name":"wp","href":"https:\/\/api.w.org\/{rel}","templated":true}]}}